{"id":1418,"date":"2022-01-26T17:48:17","date_gmt":"2022-01-26T17:48:17","guid":{"rendered":"https:\/\/dannyukes.com\/?post_type=product&#038;p=1418"},"modified":"2025-08-06T16:58:31","modified_gmt":"2025-08-06T16:58:31","slug":"ukfunda","status":"publish","type":"product","link":"https:\/\/dannyukes.com\/?product=ukfunda","title":{"rendered":"UKFUNDA"},"content":{"rendered":"<p>Marca: Danny ukes<br \/>\nEspecificaciones: Para ukulele soprano<br \/>\nTama\u00f1o: 58cm<\/p>\n\n\t\t<style type=\"text\/css\">\n\t\t\t#gallery-1 {\n\t\t\t\tmargin: auto;\n\t\t\t}\n\t\t\t#gallery-1 .gallery-item {\n\t\t\t\tfloat: left;\n\t\t\t\tmargin-top: 10px;\n\t\t\t\ttext-align: center;\n\t\t\t\twidth: 33%;\n\t\t\t}\n\t\t\t#gallery-1 img {\n\t\t\t\tborder: 2px solid #cfcfcf;\n\t\t\t}\n\t\t\t#gallery-1 .gallery-caption {\n\t\t\t\tmargin-left: 0;\n\t\t\t}\n\t\t\t\/* see gallery_shortcode() in wp-includes\/media.php *\/\n\t\t<\/style>\n\t\t<div id='gallery-1' class='gallery galleryid-1418 gallery-columns-3 gallery-size-large'><dl class='gallery-item'>\n\t\t\t<dt class='gallery-icon landscape'>\n\t\t\t\t<a href='https:\/\/dannyukes.com\/wp-content\/uploads\/2022\/01\/4.png'><img loading=\"lazy\" decoding=\"async\" width=\"1024\" height=\"682\" src=\"https:\/\/dannyukes.com\/wp-content\/uploads\/2022\/01\/4-1024x682.png\" class=\"attachment-large size-large\" alt=\"\" srcset=\"https:\/\/dannyukes.com\/wp-content\/uploads\/2022\/01\/4-1024x682.png 1024w, https:\/\/dannyukes.com\/wp-content\/uploads\/2022\/01\/4-300x200.png 300w, https:\/\/dannyukes.com\/wp-content\/uploads\/2022\/01\/4-768x512.png 768w, https:\/\/dannyukes.com\/wp-content\/uploads\/2022\/01\/4-450x300.png 450w, https:\/\/dannyukes.com\/wp-content\/uploads\/2022\/01\/4.png 1280w\" sizes=\"(max-width: 1024px) 100vw, 1024px\" \/><\/a>\n\t\t\t<\/dt><\/dl><dl class='gallery-item'>\n\t\t\t<dt class='gallery-icon landscape'>\n\t\t\t\t<a href='https:\/\/dannyukes.com\/wp-content\/uploads\/2022\/01\/5.png'><img loading=\"lazy\" decoding=\"async\" width=\"1024\" height=\"682\" src=\"https:\/\/dannyukes.com\/wp-content\/uploads\/2022\/01\/5-1024x682.png\" class=\"attachment-large size-large\" alt=\"\" srcset=\"https:\/\/dannyukes.com\/wp-content\/uploads\/2022\/01\/5-1024x682.png 1024w, https:\/\/dannyukes.com\/wp-content\/uploads\/2022\/01\/5-300x200.png 300w, https:\/\/dannyukes.com\/wp-content\/uploads\/2022\/01\/5-768x512.png 768w, https:\/\/dannyukes.com\/wp-content\/uploads\/2022\/01\/5-450x300.png 450w, https:\/\/dannyukes.com\/wp-content\/uploads\/2022\/01\/5.png 1280w\" sizes=\"(max-width: 1024px) 100vw, 1024px\" \/><\/a>\n\t\t\t<\/dt><\/dl><dl class='gallery-item'>\n\t\t\t<dt class='gallery-icon landscape'>\n\t\t\t\t<a href='https:\/\/dannyukes.com\/wp-content\/uploads\/2022\/01\/13.png'><img loading=\"lazy\" decoding=\"async\" width=\"1024\" height=\"682\" src=\"https:\/\/dannyukes.com\/wp-content\/uploads\/2022\/01\/13-1024x682.png\" class=\"attachment-large size-large\" alt=\"\" srcset=\"https:\/\/dannyukes.com\/wp-content\/uploads\/2022\/01\/13-1024x682.png 1024w, https:\/\/dannyukes.com\/wp-content\/uploads\/2022\/01\/13-300x200.png 300w, https:\/\/dannyukes.com\/wp-content\/uploads\/2022\/01\/13-768x512.png 768w, https:\/\/dannyukes.com\/wp-content\/uploads\/2022\/01\/13-450x300.png 450w, https:\/\/dannyukes.com\/wp-content\/uploads\/2022\/01\/13.png 1280w\" sizes=\"(max-width: 1024px) 100vw, 1024px\" \/><\/a>\n\t\t\t<\/dt><\/dl><br style=\"clear: both\" \/>\n\t\t<\/div>\n\n","protected":false},"excerpt":{"rendered":"<p>Sabemos lo que te importa tu ukulele por eso te ofrecemos una funda con la cual podr\u00e1s protegerlo de alg\u00fan da\u00f1o te\u00a0 facilitara transportarlo, as\u00ed podr\u00e1s llevar a l cualquier lugar con mayor comodidad!!<\/p>\n<p>No te quedes sin la tuya !!<\/p>\n","protected":false},"featured_media":1419,"template":"","meta":{"_joinchat":[]},"product_cat":[370],"product_tag":[],"_links":{"self":[{"href":"https:\/\/dannyukes.com\/index.php?rest_route=\/wp\/v2\/product\/1418"}],"collection":[{"href":"https:\/\/dannyukes.com\/index.php?rest_route=\/wp\/v2\/product"}],"about":[{"href":"https:\/\/dannyukes.com\/index.php?rest_route=\/wp\/v2\/types\/product"}],"wp:featuredmedia":[{"embeddable":true,"href":"https:\/\/dannyukes.com\/index.php?rest_route=\/wp\/v2\/media\/1419"}],"wp:attachment":[{"href":"https:\/\/dannyukes.com\/index.php?rest_route=%2Fwp%2Fv2%2Fmedia&parent=1418"}],"wp:term":[{"taxonomy":"product_cat","embeddable":true,"href":"https:\/\/dannyukes.com\/index.php?rest_route=%2Fwp%2Fv2%2Fproduct_cat&post=1418"},{"taxonomy":"product_tag","embeddable":true,"href":"https:\/\/dannyukes.com\/index.php?rest_route=%2Fwp%2Fv2%2Fproduct_tag&post=1418"}],"curies":[{"name":"wp","href":"https:\/\/api.w.org\/{rel}","templated":true}]}}