{"id":1438,"date":"2022-01-27T14:56:28","date_gmt":"2022-01-27T14:56:28","guid":{"rendered":"https:\/\/dannyukes.com\/?post_type=product&#038;p=1438"},"modified":"2025-08-06T21:41:40","modified_gmt":"2025-08-06T21:41:40","slug":"strapdu","status":"publish","type":"product","link":"https:\/\/dannyukes.com\/?product=strapdu","title":{"rendered":"STRAPDU"},"content":{"rendered":"<p>Marca: Danny ukes<br \/>\nEspecificaciones: Tal\u00ed para ukulele color negro<\/p>\n\n\t\t<style type=\"text\/css\">\n\t\t\t#gallery-1 {\n\t\t\t\tmargin: auto;\n\t\t\t}\n\t\t\t#gallery-1 .gallery-item {\n\t\t\t\tfloat: left;\n\t\t\t\tmargin-top: 10px;\n\t\t\t\ttext-align: center;\n\t\t\t\twidth: 33%;\n\t\t\t}\n\t\t\t#gallery-1 img {\n\t\t\t\tborder: 2px solid #cfcfcf;\n\t\t\t}\n\t\t\t#gallery-1 .gallery-caption {\n\t\t\t\tmargin-left: 0;\n\t\t\t}\n\t\t\t\/* see gallery_shortcode() in wp-includes\/media.php *\/\n\t\t<\/style>\n\t\t<div id='gallery-1' class='gallery galleryid-1438 gallery-columns-3 gallery-size-large'><dl class='gallery-item'>\n\t\t\t<dt class='gallery-icon landscape'>\n\t\t\t\t<a href='https:\/\/dannyukes.com\/wp-content\/uploads\/2022\/01\/61.png'><img loading=\"lazy\" decoding=\"async\" width=\"1024\" height=\"682\" src=\"https:\/\/dannyukes.com\/wp-content\/uploads\/2022\/01\/61-1024x682.png\" class=\"attachment-large size-large\" alt=\"\" srcset=\"https:\/\/dannyukes.com\/wp-content\/uploads\/2022\/01\/61-1024x682.png 1024w, https:\/\/dannyukes.com\/wp-content\/uploads\/2022\/01\/61-300x200.png 300w, https:\/\/dannyukes.com\/wp-content\/uploads\/2022\/01\/61-768x512.png 768w, https:\/\/dannyukes.com\/wp-content\/uploads\/2022\/01\/61-450x300.png 450w, https:\/\/dannyukes.com\/wp-content\/uploads\/2022\/01\/61.png 1280w\" sizes=\"(max-width: 1024px) 100vw, 1024px\" \/><\/a>\n\t\t\t<\/dt><\/dl><dl class='gallery-item'>\n\t\t\t<dt class='gallery-icon landscape'>\n\t\t\t\t<a href='https:\/\/dannyukes.com\/wp-content\/uploads\/2022\/01\/62.png'><img loading=\"lazy\" decoding=\"async\" width=\"1024\" height=\"682\" src=\"https:\/\/dannyukes.com\/wp-content\/uploads\/2022\/01\/62-1024x682.png\" class=\"attachment-large size-large\" alt=\"\" srcset=\"https:\/\/dannyukes.com\/wp-content\/uploads\/2022\/01\/62-1024x682.png 1024w, https:\/\/dannyukes.com\/wp-content\/uploads\/2022\/01\/62-300x200.png 300w, https:\/\/dannyukes.com\/wp-content\/uploads\/2022\/01\/62-768x512.png 768w, https:\/\/dannyukes.com\/wp-content\/uploads\/2022\/01\/62-450x300.png 450w, https:\/\/dannyukes.com\/wp-content\/uploads\/2022\/01\/62.png 1280w\" sizes=\"(max-width: 1024px) 100vw, 1024px\" \/><\/a>\n\t\t\t<\/dt><\/dl><dl class='gallery-item'>\n\t\t\t<dt class='gallery-icon landscape'>\n\t\t\t\t<a href='https:\/\/dannyukes.com\/wp-content\/uploads\/2022\/01\/63.png'><img loading=\"lazy\" decoding=\"async\" width=\"1024\" height=\"682\" src=\"https:\/\/dannyukes.com\/wp-content\/uploads\/2022\/01\/63-1024x682.png\" class=\"attachment-large size-large\" alt=\"\" srcset=\"https:\/\/dannyukes.com\/wp-content\/uploads\/2022\/01\/63-1024x682.png 1024w, https:\/\/dannyukes.com\/wp-content\/uploads\/2022\/01\/63-300x200.png 300w, https:\/\/dannyukes.com\/wp-content\/uploads\/2022\/01\/63-768x512.png 768w, https:\/\/dannyukes.com\/wp-content\/uploads\/2022\/01\/63-450x300.png 450w, https:\/\/dannyukes.com\/wp-content\/uploads\/2022\/01\/63.png 1280w\" sizes=\"(max-width: 1024px) 100vw, 1024px\" \/><\/a>\n\t\t\t<\/dt><\/dl><br style=\"clear: both\" \/>\n\t\t<\/div>\n\n","protected":false},"excerpt":{"rendered":"<p>Lleva el nombre de\u00a0<em>tal\u00ed<\/em>, cinta o correa, existen muchos tipos, estilos y tama\u00f1os, su funci\u00f3n es sostener de una manera c\u00f3moda el instrumento y que lo puedas tocar de una forma m\u00e1s libre, confortable y adecuada!!<\/p>\n","protected":false},"featured_media":1439,"template":"","meta":{"_joinchat":[]},"product_cat":[370],"product_tag":[],"_links":{"self":[{"href":"https:\/\/dannyukes.com\/index.php?rest_route=\/wp\/v2\/product\/1438"}],"collection":[{"href":"https:\/\/dannyukes.com\/index.php?rest_route=\/wp\/v2\/product"}],"about":[{"href":"https:\/\/dannyukes.com\/index.php?rest_route=\/wp\/v2\/types\/product"}],"wp:featuredmedia":[{"embeddable":true,"href":"https:\/\/dannyukes.com\/index.php?rest_route=\/wp\/v2\/media\/1439"}],"wp:attachment":[{"href":"https:\/\/dannyukes.com\/index.php?rest_route=%2Fwp%2Fv2%2Fmedia&parent=1438"}],"wp:term":[{"taxonomy":"product_cat","embeddable":true,"href":"https:\/\/dannyukes.com\/index.php?rest_route=%2Fwp%2Fv2%2Fproduct_cat&post=1438"},{"taxonomy":"product_tag","embeddable":true,"href":"https:\/\/dannyukes.com\/index.php?rest_route=%2Fwp%2Fv2%2Fproduct_tag&post=1438"}],"curies":[{"name":"wp","href":"https:\/\/api.w.org\/{rel}","templated":true}]}}